{"id":284,"date":"2024-04-20T15:52:47","date_gmt":"2024-04-20T15:52:47","guid":{"rendered":"https:\/\/www.bcniederglatt.ch\/?page_id=284"},"modified":"2024-04-20T15:52:48","modified_gmt":"2024-04-20T15:52:48","slug":"ausflug-yonex-swissopen-2024","status":"publish","type":"page","link":"https:\/\/www.bcniederglatt.ch\/?page_id=284","title":{"rendered":"Ausflug &#8211; Yonex Swissopen 2024"},"content":{"rendered":"\n[et_pb_section fb_built=&#8220;1&#8243; admin_label=&#8220;Header&#8220; _builder_version=&#8220;4.16&#8243; _module_preset=&#8220;default&#8220; background_enable_color=&#8220;off&#8220; background_image=&#8220;https:\/\/www.bcniederglatt.ch\/wp-content\/uploads\/2022\/03\/tennis-club-044.jpg&#8220; background_enable_mask_style=&#8220;on&#8220; background_mask_style=&#8220;wave&#8220; background_mask_color=&#8220;#FFFFFF&#8220; background_mask_blend_mode=&#8220;soft-light&#8220; custom_margin=&#8220;||40px||false|false&#8220; custom_padding=&#8220;||0px|||&#8220; global_colors_info=&#8220;{}&#8220;][et_pb_row _builder_version=&#8220;4.16&#8243; _module_preset=&#8220;default&#8220; max_width=&#8220;none&#8220; global_colors_info=&#8220;{}&#8220;][et_pb_column type=&#8220;4_4&#8243; _builder_version=&#8220;4.16&#8243; _module_preset=&#8220;default&#8220; global_colors_info=&#8220;{}&#8220;][et_pb_text _builder_version=&#8220;4.16&#8243; _module_preset=&#8220;abe15537-a205-41f8-9025-7356e956fa93&#8243; header_font=&#8220;||||||||&#8220; header_3_font=&#8220;Syncopate|700||on|||||&#8220; header_3_text_color=&#8220;#FFFFFF&#8220; header_3_font_size=&#8220;26px&#8220; header_3_line_height=&#8220;1.2em&#8220; header_3_font_size_tablet=&#8220;20px&#8220; header_3_font_size_phone=&#8220;16px&#8220; header_3_font_size_last_edited=&#8220;on|desktop&#8220; global_colors_info=&#8220;{}&#8220;][\/et_pb_text][et_pb_image src=&#8220;https:\/\/www.bcniederglatt.ch\/wp-content\/uploads\/2023\/03\/bc-logo-blau-negativ.png&#8220; title_text=&#8220;bc-logo-blau-negativ&#8220; _builder_version=&#8220;4.20.2&#8243; _module_preset=&#8220;default&#8220; transform_scale=&#8220;120%|120%&#8220; global_colors_info=&#8220;{}&#8220;][\/et_pb_image][\/et_pb_column][\/et_pb_row][et_pb_row _builder_version=&#8220;4.23&#8243; _module_preset=&#8220;default&#8220; global_colors_info=&#8220;{}&#8220;][et_pb_column type=&#8220;4_4&#8243; _builder_version=&#8220;4.23&#8243; _module_preset=&#8220;default&#8220; global_colors_info=&#8220;{}&#8220;][\/et_pb_column][\/et_pb_row][\/et_pb_section][et_pb_section fb_built=&#8220;1&#8243; admin_label=&#8220;Coaches&#8220; _builder_version=&#8220;4.16&#8243; _module_preset=&#8220;default&#8220; custom_padding=&#8220;2px|||||&#8220; global_colors_info=&#8220;{}&#8220;][et_pb_row _builder_version=&#8220;4.23&#8243; _module_preset=&#8220;default&#8220; global_colors_info=&#8220;{}&#8220;][et_pb_column type=&#8220;4_4&#8243; _builder_version=&#8220;4.23&#8243; _module_preset=&#8220;default&#8220; global_colors_info=&#8220;{}&#8220;][et_pb_post_title meta=&#8220;off&#8220; featured_image=&#8220;off&#8220; _builder_version=&#8220;4.23&#8243; _module_preset=&#8220;default&#8220; global_colors_info=&#8220;{}&#8220;][\/et_pb_post_title][et_pb_text _builder_version=&#8220;4.23&#8243; _module_preset=&#8220;default&#8220; global_colors_info=&#8220;{}&#8220;]<div>Vom 19. bis 24. M\u00e4rz 24 fand das allj\u00e4hrliche Yonex Swiss Open in Basel Stadt. Und eine gut gelaunte Delegation liess es sich nicht nehmen, die Halbfinal-Spiele vom Samstag zu besuchen. Damit das Ganze stressfrei wurde, haben die meisten schon am Freitag in Basel \u00fcbernachtet und konnten so zusammen ein feines Znachtessen geniessen. Die Spiele wurden mit viel Enthusiasmus und Argus-Augen verfolgt, so wurden die Cracks und Spielerinnen aus Indonesien aufmerksam verfolgt. Aber auch Taiwan, Spanien oder D\u00e4nemark waren f\u00fcr einige von uns spannende Favoriten. Nicht ganz g\u00fcnstig wurde der Trip f\u00fcr einige von uns, da der Yonex-Stand viel zu verlockend war, um nicht neue Sachen einzukaufen. So kamen Schuhe und neue Rackets an ihren Mann bzw. Frau, und man wurde da durchaus von Spielern aus der Schweizer Nati h\u00f6chstpers\u00f6nlich beraten.<\/div>\n<div>Das Ganze hat uns allen sehr viel Spass gemacht und die M\u00f6glichkeit ist sehr gross, dass dieser Anlass n\u00e4chstes Jahr eine Wiederholung findet.<\/div>\n<div>Anbei einige Eindr\u00fccke des tollen Wochenendes:<\/div>[\/et_pb_text][et_pb_code _builder_version=&#8220;4.23&#8243; _module_preset=&#8220;default&#8220; global_colors_info=&#8220;{}&#8220;]ngg_shortcode_0_placeholder[\/et_pb_code][\/et_pb_column][\/et_pb_row][\/et_pb_section]\n","protected":false},"excerpt":{"rendered":"<p>Vom 19. bis 24. M\u00e4rz 24 fand das allj\u00e4hrliche Yonex Swiss Open in Basel Stadt. Und eine gut gelaunte Delegation liess es sich nicht nehmen, die Halbfinal-Spiele vom Samstag zu besuchen. Damit das Ganze stressfrei wurde, haben die meisten schon am Freitag in Basel \u00fcbernachtet und konnten so zusammen ein feines Znachtessen geniessen. Die Spiele [&hellip;]<\/p>\n","protected":false},"author":1,"featured_media":0,"parent":0,"menu_order":0,"comment_status":"closed","ping_status":"closed","template":"","meta":{"_et_pb_use_builder":"on","_et_pb_old_content":"","_et_gb_content_width":"","ngg_post_thumbnail":0,"footnotes":""},"class_list":["post-284","page","type-page","status-publish","hentry"],"_links":{"self":[{"href":"https:\/\/www.bcniederglatt.ch\/index.php?rest_route=\/wp\/v2\/pages\/284","targetHints":{"allow":["GET"]}}],"collection":[{"href":"https:\/\/www.bcniederglatt.ch\/index.php?rest_route=\/wp\/v2\/pages"}],"about":[{"href":"https:\/\/www.bcniederglatt.ch\/index.php?rest_route=\/wp\/v2\/types\/page"}],"author":[{"embeddable":true,"href":"https:\/\/www.bcniederglatt.ch\/index.php?rest_route=\/wp\/v2\/users\/1"}],"replies":[{"embeddable":true,"href":"https:\/\/www.bcniederglatt.ch\/index.php?rest_route=%2Fwp%2Fv2%2Fcomments&post=284"}],"version-history":[{"count":4,"href":"https:\/\/www.bcniederglatt.ch\/index.php?rest_route=\/wp\/v2\/pages\/284\/revisions"}],"predecessor-version":[{"id":306,"href":"https:\/\/www.bcniederglatt.ch\/index.php?rest_route=\/wp\/v2\/pages\/284\/revisions\/306"}],"wp:attachment":[{"href":"https:\/\/www.bcniederglatt.ch\/index.php?rest_route=%2Fwp%2Fv2%2Fmedia&parent=284"}],"curies":[{"name":"wp","href":"https:\/\/api.w.org\/{rel}","templated":true}]}}