{"id":250,"date":"2023-11-11T14:36:22","date_gmt":"2023-11-11T14:36:22","guid":{"rendered":"https:\/\/www.bcniederglatt.ch\/?page_id=250"},"modified":"2023-11-26T21:57:38","modified_gmt":"2023-11-26T21:57:38","slug":"40-jahre-jubilaeum","status":"publish","type":"page","link":"https:\/\/www.bcniederglatt.ch\/?page_id=250","title":{"rendered":"40-Jahre Jubil\u00e4um"},"content":{"rendered":"<p>[et_pb_section fb_built=&#8220;1&#8243; admin_label=&#8220;Header&#8220; _builder_version=&#8220;4.16&#8243; _module_preset=&#8220;default&#8220; background_enable_color=&#8220;off&#8220; background_image=&#8220;https:\/\/www.bcniederglatt.ch\/wp-content\/uploads\/2022\/03\/tennis-club-044.jpg&#8220; background_enable_mask_style=&#8220;on&#8220; background_mask_style=&#8220;wave&#8220; background_mask_color=&#8220;#FFFFFF&#8220; background_mask_blend_mode=&#8220;soft-light&#8220; custom_margin=&#8220;||40px||false|false&#8220; custom_padding=&#8220;||0px|||&#8220; global_colors_info=&#8220;{}&#8220;][et_pb_row _builder_version=&#8220;4.16&#8243; _module_preset=&#8220;default&#8220; max_width=&#8220;none&#8220; global_colors_info=&#8220;{}&#8220;][et_pb_column type=&#8220;4_4&#8243; _builder_version=&#8220;4.16&#8243; _module_preset=&#8220;default&#8220; global_colors_info=&#8220;{}&#8220;][et_pb_text _builder_version=&#8220;4.16&#8243; _module_preset=&#8220;abe15537-a205-41f8-9025-7356e956fa93&#8243; header_font=&#8220;||||||||&#8220; header_3_font=&#8220;Syncopate|700||on|||||&#8220; header_3_text_color=&#8220;#FFFFFF&#8220; header_3_font_size=&#8220;26px&#8220; header_3_line_height=&#8220;1.2em&#8220; header_3_font_size_tablet=&#8220;20px&#8220; header_3_font_size_phone=&#8220;16px&#8220; header_3_font_size_last_edited=&#8220;on|desktop&#8220; global_colors_info=&#8220;{}&#8220;][\/et_pb_text][et_pb_image src=&#8220;https:\/\/www.bcniederglatt.ch\/wp-content\/uploads\/2023\/03\/bc-logo-blau-negativ.png&#8220; title_text=&#8220;bc-logo-blau-negativ&#8220; _builder_version=&#8220;4.20.2&#8243; _module_preset=&#8220;default&#8220; transform_scale=&#8220;120%|120%&#8220; global_colors_info=&#8220;{}&#8220;][\/et_pb_image][\/et_pb_column][\/et_pb_row][et_pb_row _builder_version=&#8220;4.23&#8243; _module_preset=&#8220;default&#8220; global_colors_info=&#8220;{}&#8220;][et_pb_column type=&#8220;4_4&#8243; _builder_version=&#8220;4.23&#8243; _module_preset=&#8220;default&#8220; global_colors_info=&#8220;{}&#8220;][\/et_pb_column][\/et_pb_row][\/et_pb_section][et_pb_section fb_built=&#8220;1&#8243; admin_label=&#8220;Coaches&#8220; _builder_version=&#8220;4.16&#8243; _module_preset=&#8220;default&#8220; custom_padding=&#8220;2px|||||&#8220; global_colors_info=&#8220;{}&#8220;][et_pb_row _builder_version=&#8220;4.23&#8243; _module_preset=&#8220;default&#8220; global_colors_info=&#8220;{}&#8220;][et_pb_column type=&#8220;4_4&#8243; _builder_version=&#8220;4.23&#8243; _module_preset=&#8220;default&#8220; global_colors_info=&#8220;{}&#8220;][et_pb_post_title meta=&#8220;off&#8220; featured_image=&#8220;off&#8220; _builder_version=&#8220;4.23&#8243; _module_preset=&#8220;default&#8220; global_colors_info=&#8220;{}&#8220;][\/et_pb_post_title][et_pb_text _builder_version=&#8220;4.23&#8243; _module_preset=&#8220;default&#8220;]<\/p>\n<div>Am 4. November 2023 feierte der Badminton Club Niederglatt tats\u00e4chlich schon sein 40igstes Jubil\u00e4um. Es war ein tolles Fest mit vielen ehemaligen Spielerinnen und Spieler und nat\u00fcrlich unseren aktuellen Mitgliedern. Sch\u00f6n zu sehen war es, dass wir nun wieder vermehrt Frauen im Club haben. Unsere IC-Mannschaft in der f\u00fcnften Liga bl\u00fcht so jedenfalls weiter, was uns sehr erfreut. Das Jubil\u00e4um war absolut gelungen und wir konnten unsere allj\u00e4hrliche Club-Meisterschaft wunderbar in den Tag integrieren. Nach einem erholsamen Sandwich-Zmittag ging es in die zweite Runde, wo ein Postenlauf f\u00fcr Kind und Kegel gespielt wurde. Die Freude an den verschiedenen Posten war gross und machte allen Spass. Zu gewinnen war denn auch zweitrangig und trotzdem durfte der Wettbewerbs-Gedanke eine kleine Rolle spielen, denn es gab ja schliesslich was zu gewinnen.<\/div>\n<div>Der Abend wurde mit einem feinen Essen mit Braten und &#8222;Herd\u00f6pfelstock&#8220; abgerundet. Es hat allen sehr viel Spass gemacht und wir freuen uns \u00fcber weitere gesellschaftliche und sportliche Anl\u00e4sse!<\/div>\n<p>[\/et_pb_text][et_pb_code _builder_version=&#8220;4.23&#8243; _module_preset=&#8220;default&#8220; global_colors_info=&#8220;{}&#8220;]ngg_shortcode_0_placeholder[\/et_pb_code][\/et_pb_column][\/et_pb_row][\/et_pb_section]<\/p>\n","protected":false},"excerpt":{"rendered":"<p>Am 4. November 2023 feierte der Badminton Club Niederglatt tats\u00e4chlich schon sein 40igstes Jubil\u00e4um. Es war ein tolles Fest mit vielen ehemaligen Spielerinnen und Spieler und nat\u00fcrlich unseren aktuellen Mitgliedern. Sch\u00f6n zu sehen war es, dass wir nun wieder vermehrt Frauen im Club haben. Unsere IC-Mannschaft in der f\u00fcnften Liga bl\u00fcht so jedenfalls weiter, was [&hellip;]<\/p>\n","protected":false},"author":1,"featured_media":0,"parent":0,"menu_order":0,"comment_status":"closed","ping_status":"closed","template":"","meta":{"_et_pb_use_builder":"on","_et_pb_old_content":"","_et_gb_content_width":"","ngg_post_thumbnail":0,"footnotes":""},"class_list":["post-250","page","type-page","status-publish","hentry"],"_links":{"self":[{"href":"https:\/\/www.bcniederglatt.ch\/index.php?rest_route=\/wp\/v2\/pages\/250","targetHints":{"allow":["GET"]}}],"collection":[{"href":"https:\/\/www.bcniederglatt.ch\/index.php?rest_route=\/wp\/v2\/pages"}],"about":[{"href":"https:\/\/www.bcniederglatt.ch\/index.php?rest_route=\/wp\/v2\/types\/page"}],"author":[{"embeddable":true,"href":"https:\/\/www.bcniederglatt.ch\/index.php?rest_route=\/wp\/v2\/users\/1"}],"replies":[{"embeddable":true,"href":"https:\/\/www.bcniederglatt.ch\/index.php?rest_route=%2Fwp%2Fv2%2Fcomments&post=250"}],"version-history":[{"count":5,"href":"https:\/\/www.bcniederglatt.ch\/index.php?rest_route=\/wp\/v2\/pages\/250\/revisions"}],"predecessor-version":[{"id":260,"href":"https:\/\/www.bcniederglatt.ch\/index.php?rest_route=\/wp\/v2\/pages\/250\/revisions\/260"}],"wp:attachment":[{"href":"https:\/\/www.bcniederglatt.ch\/index.php?rest_route=%2Fwp%2Fv2%2Fmedia&parent=250"}],"curies":[{"name":"wp","href":"https:\/\/api.w.org\/{rel}","templated":true}]}}